{"id":39,"date":"2024-09-09T12:08:20","date_gmt":"2024-09-09T12:08:20","guid":{"rendered":"https:\/\/cosmuf.es\/?page_id=39"},"modified":"2025-05-30T09:49:57","modified_gmt":"2025-05-30T09:49:57","slug":"portfolio","status":"publish","type":"page","link":"https:\/\/cosmuf.es\/en\/portfolio\/","title":{"rendered":"Portfolio"},"content":{"rendered":"<div data-elementor-type=\"wp-page\" data-elementor-id=\"39\" class=\"elementor elementor-39\">\n\t\t\t\t\t\t<section class=\"elementor-section elementor-top-section elementor-element elementor-element-5d7b8d94 elementor-section-height-min-height elementor-section-items-bottom elementor-section-boxed elementor-section-height-default wpr-particle-no wpr-jarallax-no wpr-parallax-no wpr-sticky-section-no\" data-id=\"5d7b8d94\" data-element_type=\"section\" data-settings=\"{&quot;background_background&quot;:&quot;classic&quot;}\">\n\t\t\t\t\t\t\t<div class=\"elementor-background-overlay\"><\/div>\n\t\t\t\t\t\t\t<div class=\"elementor-container elementor-column-gap-no\">\n\t\t\t\t\t<div class=\"elementor-column elementor-col-100 elementor-top-column elementor-element elementor-element-2979d291\" data-id=\"2979d291\" data-element_type=\"column\">\n\t\t\t<div class=\"elementor-widget-wrap elementor-element-populated\">\n\t\t\t\t\t\t<div class=\"elementor-element elementor-element-32cc1471 elementor-widget elementor-widget-heading\" data-id=\"32cc1471\" data-element_type=\"widget\" data-widget_type=\"heading.default\">\n\t\t\t\t<div class=\"elementor-widget-container\">\n\t\t\t\t\t<h1 class=\"elementor-heading-title elementor-size-default\">portfolio<\/h1>\t\t\t\t<\/div>\n\t\t\t\t<\/div>\n\t\t\t\t<div class=\"elementor-element elementor-element-309769a5 elementor-widget elementor-widget-heading\" data-id=\"309769a5\" data-element_type=\"widget\" data-widget_type=\"heading.default\">\n\t\t\t\t<div class=\"elementor-widget-container\">\n\t\t\t\t\t<h4 class=\"elementor-heading-title elementor-size-default\">Algunos de nuestros trabajos m\u00e1s representativos.<\/h4>\t\t\t\t<\/div>\n\t\t\t\t<\/div>\n\t\t\t\t<section class=\"elementor-section elementor-inner-section elementor-element elementor-element-1c9bef45 elementor-section-boxed elementor-section-height-default elementor-section-height-default wpr-particle-no wpr-jarallax-no wpr-parallax-no wpr-sticky-section-no\" data-id=\"1c9bef45\" data-element_type=\"section\">\n\t\t\t\t\t\t<div class=\"elementor-container elementor-column-gap-default\">\n\t\t\t\t\t<div class=\"elementor-column elementor-col-33 elementor-inner-column elementor-element elementor-element-45487fe\" data-id=\"45487fe\" data-element_type=\"column\" data-settings=\"{&quot;background_background&quot;:&quot;classic&quot;}\">\n\t\t\t<div class=\"elementor-widget-wrap\">\n\t\t\t\t\t\t\t<\/div>\n\t\t<\/div>\n\t\t\t\t<div class=\"elementor-column elementor-col-33 elementor-inner-column elementor-element elementor-element-29cef2e1\" data-id=\"29cef2e1\" data-element_type=\"column\" data-settings=\"{&quot;background_background&quot;:&quot;classic&quot;}\">\n\t\t\t<div class=\"elementor-widget-wrap\">\n\t\t\t\t\t\t\t<\/div>\n\t\t<\/div>\n\t\t\t\t<div class=\"elementor-column elementor-col-33 elementor-inner-column elementor-element elementor-element-5560dbba\" data-id=\"5560dbba\" data-element_type=\"column\" data-settings=\"{&quot;background_background&quot;:&quot;classic&quot;}\">\n\t\t\t<div class=\"elementor-widget-wrap\">\n\t\t\t\t\t\t\t<\/div>\n\t\t<\/div>\n\t\t\t\t\t<\/div>\n\t\t<\/section>\n\t\t\t\t\t<\/div>\n\t\t<\/div>\n\t\t\t\t\t<\/div>\n\t\t<\/section>\n\t\t\t\t<section class=\"elementor-section elementor-top-section elementor-element elementor-element-34ac0dbf elementor-section-boxed elementor-section-height-default elementor-section-height-default wpr-particle-no wpr-jarallax-no wpr-parallax-no wpr-sticky-section-no\" data-id=\"34ac0dbf\" data-element_type=\"section\">\n\t\t\t\t\t\t<div class=\"elementor-container elementor-column-gap-default\">\n\t\t\t\t\t<div class=\"elementor-column elementor-col-50 elementor-top-column elementor-element elementor-element-22ced242\" data-id=\"22ced242\" data-element_type=\"column\">\n\t\t\t<div class=\"elementor-widget-wrap elementor-element-populated\">\n\t\t\t\t\t\t<div class=\"elementor-element elementor-element-246767d3 elementor-widget elementor-widget-text-editor\" data-id=\"246767d3\" data-element_type=\"widget\" data-widget_type=\"text-editor.default\">\n\t\t\t\t<div class=\"elementor-widget-container\">\n\t\t\t\t\t\t\t\t\t<h4><strong>EDIFICACI\u00d3N<\/strong><\/h4>\t\t\t\t\t\t\t\t<\/div>\n\t\t\t\t<\/div>\n\t\t\t\t<div class=\"elementor-element elementor-element-1253bb8c elementor-icon-list--layout-traditional elementor-list-item-link-full_width elementor-widget elementor-widget-icon-list\" data-id=\"1253bb8c\" data-element_type=\"widget\" data-widget_type=\"icon-list.default\">\n\t\t\t\t<div class=\"elementor-widget-container\">\n\t\t\t\t\t\t\t<ul class=\"elementor-icon-list-items\">\n\t\t\t\t\t\t\t<li class=\"elementor-icon-list-item\">\n\t\t\t\t\t\t\t\t\t\t\t<span class=\"elementor-icon-list-icon\">\n\t\t\t\t\t\t\t<i aria-hidden=\"true\" class=\"fas fa-check\"><\/i>\t\t\t\t\t\t<\/span>\n\t\t\t\t\t\t\t\t\t\t<span class=\"elementor-icon-list-text\"> Viviendas y Trasteros en Alcal\u00e1 la Real<\/span>\n\t\t\t\t\t\t\t\t\t<\/li>\n\t\t\t\t\t\t\t\t<li class=\"elementor-icon-list-item\">\n\t\t\t\t\t\t\t\t\t\t\t<span class=\"elementor-icon-list-icon\">\n\t\t\t\t\t\t\t<i aria-hidden=\"true\" class=\"fas fa-check-circle\"><\/i>\t\t\t\t\t\t<\/span>\n\t\t\t\t\t\t\t\t\t\t<span class=\"elementor-icon-list-text\">Reforma en Instalaci\u00f3n de Ascensor<\/span>\n\t\t\t\t\t\t\t\t\t<\/li>\n\t\t\t\t\t\t\t\t<li class=\"elementor-icon-list-item\">\n\t\t\t\t\t\t\t\t\t\t\t<span class=\"elementor-icon-list-icon\">\n\t\t\t\t\t\t\t<i aria-hidden=\"true\" class=\"fas fa-check\"><\/i>\t\t\t\t\t\t<\/span>\n\t\t\t\t\t\t\t\t\t\t<span class=\"elementor-icon-list-text\">Reparaciones en la Iglesia<\/span>\n\t\t\t\t\t\t\t\t\t<\/li>\n\t\t\t\t\t\t\t\t<li class=\"elementor-icon-list-item\">\n\t\t\t\t\t\t\t\t\t\t\t<span class=\"elementor-icon-list-icon\">\n\t\t\t\t\t\t\t<i aria-hidden=\"true\" class=\"fas fa-check-circle\"><\/i>\t\t\t\t\t\t<\/span>\n\t\t\t\t\t\t\t\t\t\t<span class=\"elementor-icon-list-text\">Ampliaci\u00f3n de Nave Industrial<\/span>\n\t\t\t\t\t\t\t\t\t<\/li>\n\t\t\t\t\t\t\t\t<li class=\"elementor-icon-list-item\">\n\t\t\t\t\t\t\t\t\t\t\t<span class=\"elementor-icon-list-icon\">\n\t\t\t\t\t\t\t<i aria-hidden=\"true\" class=\"fas fa-check\"><\/i>\t\t\t\t\t\t<\/span>\n\t\t\t\t\t\t\t\t\t\t<span class=\"elementor-icon-list-text\">Viviendas Unifamiliares en toda la provincia de Ja\u00e9n.<\/span>\n\t\t\t\t\t\t\t\t\t<\/li>\n\t\t\t\t\t\t\t\t<li class=\"elementor-icon-list-item\">\n\t\t\t\t\t\t\t\t\t\t\t<span class=\"elementor-icon-list-icon\">\n\t\t\t\t\t\t\t<i aria-hidden=\"true\" class=\"fas fa-check-circle\"><\/i>\t\t\t\t\t\t<\/span>\n\t\t\t\t\t\t\t\t\t\t<span class=\"elementor-icon-list-text\">Reforma en Comunidad de Vecinos<\/span>\n\t\t\t\t\t\t\t\t\t<\/li>\n\t\t\t\t\t\t\t\t<li class=\"elementor-icon-list-item\">\n\t\t\t\t\t\t\t\t\t\t\t<span class=\"elementor-icon-list-icon\">\n\t\t\t\t\t\t\t<i aria-hidden=\"true\" class=\"fas fa-check\"><\/i>\t\t\t\t\t\t<\/span>\n\t\t\t\t\t\t\t\t\t\t<span class=\"elementor-icon-list-text\">Reformas en Edificaci\u00f3n.<\/span>\n\t\t\t\t\t\t\t\t\t<\/li>\n\t\t\t\t\t\t<\/ul>\n\t\t\t\t\t\t<\/div>\n\t\t\t\t<\/div>\n\t\t\t\t\t<\/div>\n\t\t<\/div>\n\t\t\t\t<div class=\"elementor-column elementor-col-50 elementor-top-column elementor-element elementor-element-7384f6b0\" data-id=\"7384f6b0\" data-element_type=\"column\">\n\t\t\t<div class=\"elementor-widget-wrap elementor-element-populated\">\n\t\t\t\t\t\t<div class=\"elementor-element elementor-element-627dd2c4 elementor-widget elementor-widget-text-editor\" data-id=\"627dd2c4\" data-element_type=\"widget\" data-widget_type=\"text-editor.default\">\n\t\t\t\t<div class=\"elementor-widget-container\">\n\t\t\t\t\t\t\t\t\t<h4><strong>URBANIZACI\u00d3N<\/strong><\/h4>\t\t\t\t\t\t\t\t<\/div>\n\t\t\t\t<\/div>\n\t\t\t\t<div class=\"elementor-element elementor-element-40a32ef4 elementor-icon-list--layout-traditional elementor-list-item-link-full_width elementor-widget elementor-widget-icon-list\" data-id=\"40a32ef4\" data-element_type=\"widget\" data-widget_type=\"icon-list.default\">\n\t\t\t\t<div class=\"elementor-widget-container\">\n\t\t\t\t\t\t\t<ul class=\"elementor-icon-list-items\">\n\t\t\t\t\t\t\t<li class=\"elementor-icon-list-item\">\n\t\t\t\t\t\t\t\t\t\t\t<span class=\"elementor-icon-list-icon\">\n\t\t\t\t\t\t\t<i aria-hidden=\"true\" class=\"fas fa-check\"><\/i>\t\t\t\t\t\t<\/span>\n\t\t\t\t\t\t\t\t\t\t<span class=\"elementor-icon-list-text\">Urbanizaci\u00f3n y Adecuaci\u00f3n de parque Infantil <\/span>\n\t\t\t\t\t\t\t\t\t<\/li>\n\t\t\t\t\t\t\t\t<li class=\"elementor-icon-list-item\">\n\t\t\t\t\t\t\t\t\t\t\t<span class=\"elementor-icon-list-icon\">\n\t\t\t\t\t\t\t<i aria-hidden=\"true\" class=\"fas fa-check-circle\"><\/i>\t\t\t\t\t\t<\/span>\n\t\t\t\t\t\t\t\t\t\t<span class=\"elementor-icon-list-text\">Remodelaci\u00f3n de Calle<\/span>\n\t\t\t\t\t\t\t\t\t<\/li>\n\t\t\t\t\t\t\t\t<li class=\"elementor-icon-list-item\">\n\t\t\t\t\t\t\t\t\t\t\t<span class=\"elementor-icon-list-icon\">\n\t\t\t\t\t\t\t<i aria-hidden=\"true\" class=\"fas fa-check\"><\/i>\t\t\t\t\t\t<\/span>\n\t\t\t\t\t\t\t\t\t\t<span class=\"elementor-icon-list-text\">Urbanizaci\u00f3n de Mejora del Camino<\/span>\n\t\t\t\t\t\t\t\t\t<\/li>\n\t\t\t\t\t\t\t\t<li class=\"elementor-icon-list-item\">\n\t\t\t\t\t\t\t\t\t\t\t<span class=\"elementor-icon-list-icon\">\n\t\t\t\t\t\t\t<i aria-hidden=\"true\" class=\"fas fa-check-circle\"><\/i>\t\t\t\t\t\t<\/span>\n\t\t\t\t\t\t\t\t\t\t<span class=\"elementor-icon-list-text\">Muros de Contenci\u00f3n <\/span>\n\t\t\t\t\t\t\t\t\t<\/li>\n\t\t\t\t\t\t<\/ul>\n\t\t\t\t\t\t<\/div>\n\t\t\t\t<\/div>\n\t\t\t\t\t<\/div>\n\t\t<\/div>\n\t\t\t\t\t<\/div>\n\t\t<\/section>\n\t\t\t\t<section class=\"elementor-section elementor-top-section elementor-element elementor-element-6580c9e0 elementor-section-boxed elementor-section-height-default elementor-section-height-default wpr-particle-no wpr-jarallax-no wpr-parallax-no wpr-sticky-section-no\" data-id=\"6580c9e0\" data-element_type=\"section\">\n\t\t\t\t\t\t<div class=\"elementor-container elementor-column-gap-default\">\n\t\t\t\t\t<div class=\"elementor-column elementor-col-100 elementor-top-column elementor-element elementor-element-7e8fba8c\" data-id=\"7e8fba8c\" data-element_type=\"column\">\n\t\t\t<div class=\"elementor-widget-wrap elementor-element-populated\">\n\t\t\t\t\t\t<div class=\"elementor-element elementor-element-54800793 gallery-spacing-custom elementor-widget__width-initial elementor-widget elementor-widget-image-gallery\" data-id=\"54800793\" data-element_type=\"widget\" data-widget_type=\"image-gallery.default\">\n\t\t\t\t<div class=\"elementor-widget-container\">\n\t\t\t\t\t\t\t<div class=\"elementor-image-gallery\">\n\t\t\t\t\t<\/div>\n\t\t\t\t\t\t<\/div>\n\t\t\t\t<\/div>\n\t\t\t\t\t<\/div>\n\t\t<\/div>\n\t\t\t\t\t<\/div>\n\t\t<\/section>\n\t\t\t\t<\/div>","protected":false},"excerpt":{"rendered":"<p>portfolio Algunos de nuestros trabajos m\u00e1s representativos. EDIFICACI\u00d3N Viviendas y Trasteros en Alcal\u00e1 la Real Reforma en Instalaci\u00f3n de Ascensor Reparaciones en la Iglesia Ampliaci\u00f3n de Nave Industrial Viviendas Unifamiliares en toda la provincia de Ja\u00e9n. Reforma en Comunidad de Vecinos Reformas en Edificaci\u00f3n. URBANIZACI\u00d3N Urbanizaci\u00f3n y Adecuaci\u00f3n de parque Infantil Remodelaci\u00f3n de Calle Urbanizaci\u00f3n de Mejora del Camino Muros de Contenci\u00f3n<\/p>","protected":false},"author":1,"featured_media":0,"parent":0,"menu_order":0,"comment_status":"closed","ping_status":"closed","template":"","meta":{"footnotes":""},"class_list":["post-39","page","type-page","status-publish","hentry"],"yoast_head":"<!-- This site is optimized with the Yoast SEO plugin v25.6 - https:\/\/yoast.com\/wordpress\/plugins\/seo\/ -->\n<title>Portfolio - Rafael Mudarra Fuentes<\/title>\n<meta name=\"description\" content=\"Explora el portfolio de Rafael Mudarra Fuentes: proyectos de construcci\u00f3n, reformas y obra civil realizados con calidad, t\u00e9cnica y compromiso.\" \/>\n<meta name=\"robots\" content=\"index, follow, max-snippet:-1, max-image-preview:large, max-video-preview:-1\" \/>\n<link rel=\"canonical\" href=\"https:\/\/cosmuf.es\/en\/portfolio\/\" \/>\n<meta property=\"og:locale\" content=\"en_GB\" \/>\n<meta property=\"og:type\" content=\"article\" \/>\n<meta property=\"og:title\" content=\"Portfolio - Rafael Mudarra Fuentes\" \/>\n<meta property=\"og:description\" content=\"Explora el portfolio de Rafael Mudarra Fuentes: proyectos de construcci\u00f3n, reformas y obra civil realizados con calidad, t\u00e9cnica y compromiso.\" \/>\n<meta property=\"og:url\" content=\"https:\/\/cosmuf.es\/en\/portfolio\/\" \/>\n<meta property=\"og:site_name\" content=\"Rafael Mudarra Fuentes\" \/>\n<meta property=\"article:modified_time\" content=\"2025-05-30T09:49:57+00:00\" \/>\n<meta property=\"og:image\" content=\"https:\/\/cosmuf.es\/wp-content\/uploads\/2024\/09\/1SCA-MARTINEZ-MONTANEZ-1-300x225.jpg\" \/>\n<meta name=\"twitter:card\" content=\"summary_large_image\" \/>\n<meta name=\"twitter:label1\" content=\"Estimated reading time\" \/>\n\t<meta name=\"twitter:data1\" content=\"4 minutes\" \/>\n<script type=\"application\/ld+json\" class=\"yoast-schema-graph\">{\"@context\":\"https:\/\/schema.org\",\"@graph\":[{\"@type\":\"WebPage\",\"@id\":\"https:\/\/cosmuf.es\/portfolio\/\",\"url\":\"https:\/\/cosmuf.es\/portfolio\/\",\"name\":\"Portfolio - Rafael Mudarra Fuentes\",\"isPartOf\":{\"@id\":\"https:\/\/cosmuf.es\/#website\"},\"primaryImageOfPage\":{\"@id\":\"https:\/\/cosmuf.es\/portfolio\/#primaryimage\"},\"image\":{\"@id\":\"https:\/\/cosmuf.es\/portfolio\/#primaryimage\"},\"thumbnailUrl\":\"https:\/\/cosmuf.es\/wp-content\/uploads\/2024\/09\/1SCA-MARTINEZ-MONTANEZ-1-300x225.jpg\",\"datePublished\":\"2024-09-09T12:08:20+00:00\",\"dateModified\":\"2025-05-30T09:49:57+00:00\",\"description\":\"Explora el portfolio de Rafael Mudarra Fuentes: proyectos de construcci\u00f3n, reformas y obra civil realizados con calidad, t\u00e9cnica y compromiso.\",\"breadcrumb\":{\"@id\":\"https:\/\/cosmuf.es\/portfolio\/#breadcrumb\"},\"inLanguage\":\"en-GB\",\"potentialAction\":[{\"@type\":\"ReadAction\",\"target\":[\"https:\/\/cosmuf.es\/portfolio\/\"]}]},{\"@type\":\"ImageObject\",\"inLanguage\":\"en-GB\",\"@id\":\"https:\/\/cosmuf.es\/portfolio\/#primaryimage\",\"url\":\"https:\/\/cosmuf.es\/wp-content\/uploads\/2024\/09\/1SCA-MARTINEZ-MONTANEZ-1-300x225.jpg\",\"contentUrl\":\"https:\/\/cosmuf.es\/wp-content\/uploads\/2024\/09\/1SCA-MARTINEZ-MONTANEZ-1-300x225.jpg\"},{\"@type\":\"BreadcrumbList\",\"@id\":\"https:\/\/cosmuf.es\/portfolio\/#breadcrumb\",\"itemListElement\":[{\"@type\":\"ListItem\",\"position\":1,\"name\":\"Portada\",\"item\":\"https:\/\/cosmuf.es\/\"},{\"@type\":\"ListItem\",\"position\":2,\"name\":\"Portfolio\"}]},{\"@type\":\"WebSite\",\"@id\":\"https:\/\/cosmuf.es\/#website\",\"url\":\"https:\/\/cosmuf.es\/\",\"name\":\"Rafael Mudarra Fuentes\",\"description\":\"Construcciones y contratas\",\"publisher\":{\"@id\":\"https:\/\/cosmuf.es\/#organization\"},\"potentialAction\":[{\"@type\":\"SearchAction\",\"target\":{\"@type\":\"EntryPoint\",\"urlTemplate\":\"https:\/\/cosmuf.es\/?s={search_term_string}\"},\"query-input\":{\"@type\":\"PropertyValueSpecification\",\"valueRequired\":true,\"valueName\":\"search_term_string\"}}],\"inLanguage\":\"en-GB\"},{\"@type\":\"Organization\",\"@id\":\"https:\/\/cosmuf.es\/#organization\",\"name\":\"cosmuf\",\"url\":\"https:\/\/cosmuf.es\/\",\"logo\":{\"@type\":\"ImageObject\",\"inLanguage\":\"en-GB\",\"@id\":\"https:\/\/cosmuf.es\/#\/schema\/logo\/image\/\",\"url\":\"https:\/\/cosmuf.es\/wp-content\/uploads\/2025\/06\/logo_cosmuf_completo.png\",\"contentUrl\":\"https:\/\/cosmuf.es\/wp-content\/uploads\/2025\/06\/logo_cosmuf_completo.png\",\"width\":464,\"height\":95,\"caption\":\"cosmuf\"},\"image\":{\"@id\":\"https:\/\/cosmuf.es\/#\/schema\/logo\/image\/\"},\"sameAs\":[\"https:\/\/www.instagram.com\/cosmuf.rafael?igsh=cm81Ympob2w3M3Bs\"]}]}<\/script>\n<!-- \/ Yoast SEO plugin. -->","yoast_head_json":{"title":"Portfolio - Rafael Mudarra Fuentes","description":"Explora el portfolio de Rafael Mudarra Fuentes: proyectos de construcci\u00f3n, reformas y obra civil realizados con calidad, t\u00e9cnica y compromiso.","robots":{"index":"index","follow":"follow","max-snippet":"max-snippet:-1","max-image-preview":"max-image-preview:large","max-video-preview":"max-video-preview:-1"},"canonical":"https:\/\/cosmuf.es\/en\/portfolio\/","og_locale":"en_GB","og_type":"article","og_title":"Portfolio - Rafael Mudarra Fuentes","og_description":"Explora el portfolio de Rafael Mudarra Fuentes: proyectos de construcci\u00f3n, reformas y obra civil realizados con calidad, t\u00e9cnica y compromiso.","og_url":"https:\/\/cosmuf.es\/en\/portfolio\/","og_site_name":"Rafael Mudarra Fuentes","article_modified_time":"2025-05-30T09:49:57+00:00","og_image":[{"url":"https:\/\/cosmuf.es\/wp-content\/uploads\/2024\/09\/1SCA-MARTINEZ-MONTANEZ-1-300x225.jpg","type":"","width":"","height":""}],"twitter_card":"summary_large_image","twitter_misc":{"Estimated reading time":"4 minutes"},"schema":{"@context":"https:\/\/schema.org","@graph":[{"@type":"WebPage","@id":"https:\/\/cosmuf.es\/portfolio\/","url":"https:\/\/cosmuf.es\/portfolio\/","name":"Portfolio - Rafael Mudarra Fuentes","isPartOf":{"@id":"https:\/\/cosmuf.es\/#website"},"primaryImageOfPage":{"@id":"https:\/\/cosmuf.es\/portfolio\/#primaryimage"},"image":{"@id":"https:\/\/cosmuf.es\/portfolio\/#primaryimage"},"thumbnailUrl":"https:\/\/cosmuf.es\/wp-content\/uploads\/2024\/09\/1SCA-MARTINEZ-MONTANEZ-1-300x225.jpg","datePublished":"2024-09-09T12:08:20+00:00","dateModified":"2025-05-30T09:49:57+00:00","description":"Explora el portfolio de Rafael Mudarra Fuentes: proyectos de construcci\u00f3n, reformas y obra civil realizados con calidad, t\u00e9cnica y compromiso.","breadcrumb":{"@id":"https:\/\/cosmuf.es\/portfolio\/#breadcrumb"},"inLanguage":"en-GB","potentialAction":[{"@type":"ReadAction","target":["https:\/\/cosmuf.es\/portfolio\/"]}]},{"@type":"ImageObject","inLanguage":"en-GB","@id":"https:\/\/cosmuf.es\/portfolio\/#primaryimage","url":"https:\/\/cosmuf.es\/wp-content\/uploads\/2024\/09\/1SCA-MARTINEZ-MONTANEZ-1-300x225.jpg","contentUrl":"https:\/\/cosmuf.es\/wp-content\/uploads\/2024\/09\/1SCA-MARTINEZ-MONTANEZ-1-300x225.jpg"},{"@type":"BreadcrumbList","@id":"https:\/\/cosmuf.es\/portfolio\/#breadcrumb","itemListElement":[{"@type":"ListItem","position":1,"name":"Portada","item":"https:\/\/cosmuf.es\/"},{"@type":"ListItem","position":2,"name":"Portfolio"}]},{"@type":"WebSite","@id":"https:\/\/cosmuf.es\/#website","url":"https:\/\/cosmuf.es\/","name":"Rafael Mudarra Fuentes","description":"Construcciones y contratas","publisher":{"@id":"https:\/\/cosmuf.es\/#organization"},"potentialAction":[{"@type":"SearchAction","target":{"@type":"EntryPoint","urlTemplate":"https:\/\/cosmuf.es\/?s={search_term_string}"},"query-input":{"@type":"PropertyValueSpecification","valueRequired":true,"valueName":"search_term_string"}}],"inLanguage":"en-GB"},{"@type":"Organization","@id":"https:\/\/cosmuf.es\/#organization","name":"cosmuf","url":"https:\/\/cosmuf.es\/","logo":{"@type":"ImageObject","inLanguage":"en-GB","@id":"https:\/\/cosmuf.es\/#\/schema\/logo\/image\/","url":"https:\/\/cosmuf.es\/wp-content\/uploads\/2025\/06\/logo_cosmuf_completo.png","contentUrl":"https:\/\/cosmuf.es\/wp-content\/uploads\/2025\/06\/logo_cosmuf_completo.png","width":464,"height":95,"caption":"cosmuf"},"image":{"@id":"https:\/\/cosmuf.es\/#\/schema\/logo\/image\/"},"sameAs":["https:\/\/www.instagram.com\/cosmuf.rafael?igsh=cm81Ympob2w3M3Bs"]}]}},"_links":{"self":[{"href":"https:\/\/cosmuf.es\/en\/wp-json\/wp\/v2\/pages\/39","targetHints":{"allow":["GET"]}}],"collection":[{"href":"https:\/\/cosmuf.es\/en\/wp-json\/wp\/v2\/pages"}],"about":[{"href":"https:\/\/cosmuf.es\/en\/wp-json\/wp\/v2\/types\/page"}],"author":[{"embeddable":true,"href":"https:\/\/cosmuf.es\/en\/wp-json\/wp\/v2\/users\/1"}],"replies":[{"embeddable":true,"href":"https:\/\/cosmuf.es\/en\/wp-json\/wp\/v2\/comments?post=39"}],"version-history":[{"count":0,"href":"https:\/\/cosmuf.es\/en\/wp-json\/wp\/v2\/pages\/39\/revisions"}],"wp:attachment":[{"href":"https:\/\/cosmuf.es\/en\/wp-json\/wp\/v2\/media?parent=39"}],"curies":[{"name":"wp","href":"https:\/\/api.w.org\/{rel}","templated":true}]}}